{"id":24424,"date":"2026-01-09T20:13:21","date_gmt":"2026-01-09T18:13:21","guid":{"rendered":"https:\/\/flower-cosmetics-eg.com\/?post_type=product&#038;p=24424"},"modified":"2026-04-25T16:27:34","modified_gmt":"2026-04-25T13:27:34","slug":"avon-care-derma-nemlendirici-cilt-tonu-gorunumunu-esitleyici-vucut-losyonu-400ml","status":"publish","type":"product","link":"https:\/\/flower-cosmetics-eg.com\/ar\/product\/avon-care-derma-nemlendirici-cilt-tonu-gorunumunu-esitleyici-vucut-losyonu-400ml\/","title":{"rendered":"Avon Care Derma Nemlendirici + Cilt Tonu G\u00f6r\u00fcn\u00fcm\u00fcn\u00fc E\u015fitleyici V\u00fccut Losyonu 400ml &#8211; Avon Care Derma Nemlendirici + Cilt Tonu G\u00f6r\u00fcn\u00fcm\u00fcn\u00fc E\u015fitleyici V\u00fccut Losyonu 400ml"},"content":{"rendered":"","protected":false},"excerpt":{"rendered":"","protected":false},"featured_media":24425,"template":"","meta":[],"product_brand":[],"product_cat":[167],"product_tag":[],"class_list":{"0":"post-24424","1":"product","2":"type-product","3":"status-publish","4":"has-post-thumbnail","6":"product_cat-body-lotion","8":"first","9":"instock","10":"shipping-taxable","11":"purchasable","12":"product-type-simple"},"_links":{"self":[{"href":"https:\/\/flower-cosmetics-eg.com\/ar\/wp-json\/wp\/v2\/product\/24424","targetHints":{"allow":["GET"]}}],"collection":[{"href":"https:\/\/flower-cosmetics-eg.com\/ar\/wp-json\/wp\/v2\/product"}],"about":[{"href":"https:\/\/flower-cosmetics-eg.com\/ar\/wp-json\/wp\/v2\/types\/product"}],"version-history":[{"count":2,"href":"https:\/\/flower-cosmetics-eg.com\/ar\/wp-json\/wp\/v2\/product\/24424\/revisions"}],"predecessor-version":[{"id":35164,"href":"https:\/\/flower-cosmetics-eg.com\/ar\/wp-json\/wp\/v2\/product\/24424\/revisions\/35164"}],"wp:featuredmedia":[{"embeddable":true,"href":"https:\/\/flower-cosmetics-eg.com\/ar\/wp-json\/wp\/v2\/media\/24425"}],"wp:attachment":[{"href":"https:\/\/flower-cosmetics-eg.com\/ar\/wp-json\/wp\/v2\/media?parent=24424"}],"wp:term":[{"taxonomy":"product_brand","embeddable":true,"href":"https:\/\/flower-cosmetics-eg.com\/ar\/wp-json\/wp\/v2\/product_brand?post=24424"},{"taxonomy":"product_cat","embeddable":true,"href":"https:\/\/flower-cosmetics-eg.com\/ar\/wp-json\/wp\/v2\/product_cat?post=24424"},{"taxonomy":"product_tag","embeddable":true,"href":"https:\/\/flower-cosmetics-eg.com\/ar\/wp-json\/wp\/v2\/product_tag?post=24424"}],"curies":[{"name":"wp","href":"https:\/\/api.w.org\/{rel}","templated":true}]}}