{"id":24418,"date":"2026-01-09T20:08:58","date_gmt":"2026-01-09T18:08:58","guid":{"rendered":"https:\/\/flower-cosmetics-eg.com\/?post_type=product&#038;p=24418"},"modified":"2026-04-20T19:43:24","modified_gmt":"2026-04-20T17:43:24","slug":"avon-care-derma-yogun-nemlendirici-hyaluronik-asit-ve-pirinc-yagi-iceren-vucut-losyonu-400ml","status":"publish","type":"product","link":"https:\/\/flower-cosmetics-eg.com\/ar\/product\/avon-care-derma-yogun-nemlendirici-hyaluronik-asit-ve-pirinc-yagi-iceren-vucut-losyonu-400ml\/","title":{"rendered":"Avon Care Derma Yo\u011fun Nemlendirici Hyal\u00fcronik Asit ve Pirin\u00e7 Ya\u011f\u0131 \u0130\u00e7eren V\u00fccut Losyonu 400ml"},"content":{"rendered":"","protected":false},"excerpt":{"rendered":"","protected":false},"featured_media":24419,"template":"","meta":[],"product_brand":[117],"product_cat":[84],"product_tag":[],"class_list":{"0":"post-24418","1":"product","2":"type-product","3":"status-publish","4":"has-post-thumbnail","6":"product_brand-avon","7":"product_cat-body-care","9":"first","10":"instock","11":"shipping-taxable","12":"purchasable","13":"product-type-simple"},"_links":{"self":[{"href":"https:\/\/flower-cosmetics-eg.com\/ar\/wp-json\/wp\/v2\/product\/24418","targetHints":{"allow":["GET"]}}],"collection":[{"href":"https:\/\/flower-cosmetics-eg.com\/ar\/wp-json\/wp\/v2\/product"}],"about":[{"href":"https:\/\/flower-cosmetics-eg.com\/ar\/wp-json\/wp\/v2\/types\/product"}],"version-history":[{"count":1,"href":"https:\/\/flower-cosmetics-eg.com\/ar\/wp-json\/wp\/v2\/product\/24418\/revisions"}],"predecessor-version":[{"id":30601,"href":"https:\/\/flower-cosmetics-eg.com\/ar\/wp-json\/wp\/v2\/product\/24418\/revisions\/30601"}],"wp:featuredmedia":[{"embeddable":true,"href":"https:\/\/flower-cosmetics-eg.com\/ar\/wp-json\/wp\/v2\/media\/24419"}],"wp:attachment":[{"href":"https:\/\/flower-cosmetics-eg.com\/ar\/wp-json\/wp\/v2\/media?parent=24418"}],"wp:term":[{"taxonomy":"product_brand","embeddable":true,"href":"https:\/\/flower-cosmetics-eg.com\/ar\/wp-json\/wp\/v2\/product_brand?post=24418"},{"taxonomy":"product_cat","embeddable":true,"href":"https:\/\/flower-cosmetics-eg.com\/ar\/wp-json\/wp\/v2\/product_cat?post=24418"},{"taxonomy":"product_tag","embeddable":true,"href":"https:\/\/flower-cosmetics-eg.com\/ar\/wp-json\/wp\/v2\/product_tag?post=24418"}],"curies":[{"name":"wp","href":"https:\/\/api.w.org\/{rel}","templated":true}]}}