{"id":23764,"date":"2026-01-06T16:34:08","date_gmt":"2026-01-06T14:34:08","guid":{"rendered":"https:\/\/flower-cosmetics-eg.com\/?post_type=product&#038;p=23764"},"modified":"2026-04-25T16:27:32","modified_gmt":"2026-04-25T13:27:32","slug":"mooyam-capsule-mask-caviar-kagit-yuz-maskesi","status":"publish","type":"product","link":"https:\/\/flower-cosmetics-eg.com\/ar\/product\/mooyam-capsule-mask-caviar-kagit-yuz-maskesi\/","title":{"rendered":"MOOYAM Capsule Mask Caviar Ka\u011f\u0131t Y\u00fcz Maskesi &#8211; MOOYAM \u0643\u0628\u0633\u0648\u0644\u0629 \u0642\u0646\u0627\u0639 \u0627\u0644\u0643\u0627\u0641\u064a\u0627\u0631 Ka\u011f\u0131t Y\u00fcz Maskesi"},"content":{"rendered":"","protected":false},"excerpt":{"rendered":"","protected":false},"featured_media":23769,"template":"","meta":[],"product_brand":[],"product_cat":[86],"product_tag":[],"class_list":{"0":"post-23764","1":"product","2":"type-product","3":"status-publish","4":"has-post-thumbnail","6":"product_cat-masks","8":"first","9":"instock","10":"shipping-taxable","11":"purchasable","12":"product-type-simple"},"_links":{"self":[{"href":"https:\/\/flower-cosmetics-eg.com\/ar\/wp-json\/wp\/v2\/product\/23764","targetHints":{"allow":["GET"]}}],"collection":[{"href":"https:\/\/flower-cosmetics-eg.com\/ar\/wp-json\/wp\/v2\/product"}],"about":[{"href":"https:\/\/flower-cosmetics-eg.com\/ar\/wp-json\/wp\/v2\/types\/product"}],"version-history":[{"count":1,"href":"https:\/\/flower-cosmetics-eg.com\/ar\/wp-json\/wp\/v2\/product\/23764\/revisions"}],"predecessor-version":[{"id":35115,"href":"https:\/\/flower-cosmetics-eg.com\/ar\/wp-json\/wp\/v2\/product\/23764\/revisions\/35115"}],"wp:featuredmedia":[{"embeddable":true,"href":"https:\/\/flower-cosmetics-eg.com\/ar\/wp-json\/wp\/v2\/media\/23769"}],"wp:attachment":[{"href":"https:\/\/flower-cosmetics-eg.com\/ar\/wp-json\/wp\/v2\/media?parent=23764"}],"wp:term":[{"taxonomy":"product_brand","embeddable":true,"href":"https:\/\/flower-cosmetics-eg.com\/ar\/wp-json\/wp\/v2\/product_brand?post=23764"},{"taxonomy":"product_cat","embeddable":true,"href":"https:\/\/flower-cosmetics-eg.com\/ar\/wp-json\/wp\/v2\/product_cat?post=23764"},{"taxonomy":"product_tag","embeddable":true,"href":"https:\/\/flower-cosmetics-eg.com\/ar\/wp-json\/wp\/v2\/product_tag?post=23764"}],"curies":[{"name":"wp","href":"https:\/\/api.w.org\/{rel}","templated":true}]}}